{"id":9834,"date":"2021-10-20T12:31:04","date_gmt":"2021-10-20T10:31:04","guid":{"rendered":"https:\/\/ddom.eu\/?page_id=9834"},"modified":"2025-08-22T12:38:31","modified_gmt":"2025-08-22T10:38:31","slug":"contact-details","status":"publish","type":"page","link":"https:\/\/www.ultron.pl\/en\/contact-details\/","title":{"rendered":"Contact details"},"content":{"rendered":"<p>[vc_row full_width=&#8221;stretch_row_content_no_spaces&#8221; css=&#8221;.vc_custom_1678372458993{border-bottom-width: 70px !important;padding-top: 30px !important;}&#8221;][vc_column][vc_column_text]<\/p>\n<p style=\"text-align: center;\"><strong>Professional advice<\/strong><\/p>\n<p>Call us and get a free consultation, our experts will help you pick equipment that is suited to your needs.<\/p>\n<p>[\/vc_column_text][\/vc_column][\/vc_row][vc_row content_placement=&#8221;top&#8221; css=&#8221;.vc_custom_1681997992337{padding-top: 70px !important;padding-bottom: 70px !important;}&#8221;][vc_column width=&#8221;1\/2&#8243;][vc_row_inner content_placement=&#8221;middle&#8221;][vc_column_inner width=&#8221;1\/4&#8243;][vc_single_image image=&#8221;15716&#8243; img_size=&#8221;full&#8221; alignment=&#8221;center&#8221;][\/vc_column_inner][vc_column_inner width=&#8221;3\/4&#8243;][vc_column_text]<\/p>\n<p><strong>ULTRON Zak\u0142ad Urz\u0105dze\u0144 Elektronicznych Sp. z o.o.<\/strong><\/p>\n<p>ul. Olszty\u0144ska 66 | 11-001 Dywity | POLAND<\/p>\n<p>NIP: PL 7393995264 | REGON: 527595465 | KRS: 0001084981<\/p>\n<p>PEKAO SA O\/Olsztyn 55 1240 5598 1111 0011 3513 3533<\/p>\n<p>&nbsp;<\/p>\n<p><strong>ULTRON Zak\u0142ad Urz\u0105dze\u0144 Elektronicznych Krzysztof Krankowski<\/strong><\/p>\n<p>ul. Olszty\u0144ska 66 | 11-001 Dywity | POLAND<\/p>\n<p>NIP: PL 7392042786| REGON: 510986667 |<\/p>\n<p>PEKAO SA O\/Olsztyn\u00a0 23 1240 5598 1111 0000 5025 2547<\/p>\n<p>&nbsp;<\/p>\n<p>[\/vc_column_text][\/vc_column_inner][\/vc_row_inner][vc_row_inner content_placement=&#8221;middle&#8221;][vc_column_inner width=&#8221;1\/4&#8243;][vc_single_image image=&#8221;15719&#8243; img_size=&#8221;full&#8221; alignment=&#8221;center&#8221;][\/vc_column_inner][vc_column_inner width=&#8221;3\/4&#8243;][vc_column_text]<\/p>\n<p style=\"text-align: left;\">tel: (89) 511-94-60<\/p>\n<p>[\/vc_column_text][\/vc_column_inner][\/vc_row_inner][vc_row_inner content_placement=&#8221;middle&#8221;][vc_column_inner width=&#8221;1\/4&#8243;][vc_single_image image=&#8221;15720&#8243; img_size=&#8221;full&#8221; alignment=&#8221;center&#8221;][\/vc_column_inner][vc_column_inner width=&#8221;3\/4&#8243;][vc_column_text]<\/p>\n<p><a href=\"mailto:info@ultron.pl\">info@ultron.pl<\/a><\/p>\n<p><a href=\"mailto:ultron@ultron.pl\">ultron@ultron.pl<\/a><\/p>\n<p>[\/vc_column_text][\/vc_column_inner][\/vc_row_inner][\/vc_column][vc_column width=&#8221;1\/2&#8243;][vc_column_text]<\/p>\n<p style=\"text-align: center;\"><span style=\"font-size: 24pt;\"><strong>Formularz kontaktowy<\/strong><\/span><\/p>\n<p>[\/vc_column_text]<div role=\"form\" class=\"wpcf7\" id=\"wpcf7-f397-o1\" lang=\"pl-PL\" dir=\"ltr\">\n<div class=\"screen-reader-response\"><p role=\"status\" aria-live=\"polite\" aria-atomic=\"true\"><\/p> <ul><\/ul><\/div>\n<form action=\"\/en\/wp-json\/wp\/v2\/pages\/9834#wpcf7-f397-o1\" method=\"post\" class=\"wpcf7-form init wpcf7-acceptance-as-validation\" novalidate=\"novalidate\" data-status=\"init\">\n<div style=\"display: none;\">\n<input type=\"hidden\" name=\"_wpcf7\" value=\"397\" \/>\n<input type=\"hidden\" name=\"_wpcf7_version\" value=\"5.5.4\" \/>\n<input type=\"hidden\" name=\"_wpcf7_locale\" value=\"pl_PL\" \/>\n<input type=\"hidden\" name=\"_wpcf7_unit_tag\" value=\"wpcf7-f397-o1\" \/>\n<input type=\"hidden\" name=\"_wpcf7_container_post\" value=\"0\" \/>\n<input type=\"hidden\" name=\"_wpcf7_posted_data_hash\" value=\"\" \/>\n<input type=\"hidden\" name=\"_wpcf7_recaptcha_response\" value=\"\" \/>\n<\/div>\n<div class=\"container-fluid\">\n<div class=\"row\">\n<div class=\"col-md-12 no-padding\">\n<p>\n    <span class=\"wpcf7-form-control-wrap your-name\"><input type=\"text\" name=\"your-name\" value=\"\" size=\"40\" class=\"wpcf7-form-control wpcf7-text wpcf7-validates-as-required\" aria-required=\"true\" aria-invalid=\"false\" placeholder=\"Imi\u0119 i nazwisko\" \/><\/span> <\/p>\n<\/div>\n<div class=\"col-md-12 no-padding\">\n<p>\n    <span class=\"wpcf7-form-control-wrap company-name\"><input type=\"text\" name=\"company-name\" value=\"\" size=\"40\" class=\"wpcf7-form-control wpcf7-text wpcf7-validates-as-required\" aria-required=\"true\" aria-invalid=\"false\" placeholder=\"Nazwa firmy\" \/><\/span> <\/p>\n<\/div>\n<div class=\"col-md-6 no-padding-left\">\n<p>\n    <span class=\"wpcf7-form-control-wrap your-email\"><input type=\"email\" name=\"your-email\" value=\"\" size=\"40\" class=\"wpcf7-form-control wpcf7-text wpcf7-email wpcf7-validates-as-required wpcf7-validates-as-email\" aria-required=\"true\" aria-invalid=\"false\" placeholder=\"Adres email\" \/><\/span> <\/p>\n<\/div>\n<div class=\"col-md-6 no-padding-right\">\n<p class=\"telefonform\">\n    <span class=\"wpcf7-form-control-wrap your-subject\"><input type=\"text\" name=\"your-subject\" value=\"\" size=\"40\" class=\"wpcf7-form-control wpcf7-text\" aria-invalid=\"false\" placeholder=\"Telefon\" \/><\/span> <\/p>\n<\/div>\n<div class=\"col-md-12 no-padding1\">\n<p>\n   <span class=\"wpcf7-form-control-wrap text-681\"><textarea name=\"text-681\" cols=\"40\" rows=\"10\" class=\"wpcf7-form-control wpcf7-textarea\" aria-invalid=\"false\" placeholder=\"Tre\u015b\u0107 zapytania\"><\/textarea><\/span>\n<\/p>\n<\/div>\n<div class=\"klauzule col-md-12\">\n<p>\n<span class=\"wpcf7-form-control-wrap acceptance-173\"><span class=\"wpcf7-form-control wpcf7-acceptance\"><span class=\"wpcf7-list-item\"><input type=\"checkbox\" name=\"acceptance-173\" value=\"1\" aria-invalid=\"false\" \/><\/span><\/span><\/span> <span>Zapozna\u0142em(-am) si\u0119 z tre\u015bci\u0105 klauzuli informacyjnej, w tym z informacj\u0105 o celu i sposobach przetwarzania danych osobowych oraz prawie dost\u0119pu do tre\u015bci swoich danych, prawie ich poprawiania, ograniczenia przetwarzania oraz prawie do wycofania zgody na przetwarzanie moich danych osobowych.<\/span>\n<\/p>\n<\/div>\n<div class=\"col-md-12 no-padding\">\n<span class=\"wpcf7-form-control-wrap recaptcha\" data-name=\"recaptcha\"><span data-sitekey=\"6LcBD_AnAAAAAMsXS6CBmEvXwbavjYqJfC96y-Ha\" class=\"wpcf7-form-control g-recaptcha wpcf7-recaptcha\"><\/span>\r\n<noscript>\r\n\t<div class=\"grecaptcha-noscript\">\r\n\t\t<iframe src=\"https:\/\/www.google.com\/recaptcha\/api\/fallback?k=6LcBD_AnAAAAAMsXS6CBmEvXwbavjYqJfC96y-Ha\" frameborder=\"0\" scrolling=\"no\" width=\"310\" height=\"430\">\r\n\t\t<\/iframe>\r\n\t\t<textarea name=\"g-recaptcha-response\" rows=\"3\" cols=\"40\" placeholder=\"reCaptcha Response Here\">\r\n\t\t<\/textarea>\r\n\t<\/div>\r\n<\/noscript>\r\n<\/span>\n<p><input type=\"submit\" value=\"Wy\u015blij\" class=\"wpcf7-form-control has-spinner wpcf7-submit\" \/><\/p>\n<\/div>\n<\/div>\n<\/div>\n<p style=\"display: none !important;\"><label>&#916;<textarea name=\"_wpcf7_ak_hp_textarea\" cols=\"45\" rows=\"8\" maxlength=\"100\"><\/textarea><\/label><input type=\"hidden\" id=\"ak_js_1\" name=\"_wpcf7_ak_js\" value=\"185\"\/><script>document.getElementById( \"ak_js_1\" ).setAttribute( \"value\", ( new Date() ).getTime() );<\/script><\/p><div class=\"wpcf7-response-output\" aria-hidden=\"true\"><\/div><\/form><\/div>[\/vc_column][\/vc_row][vc_row full_width=&#8221;stretch_row&#8221; css=&#8221;.vc_custom_1678718221494{padding-top: 40px !important;padding-bottom: 20px !important;}&#8221; el_class=&#8221;dzialy&#8221;][vc_column][vc_row_inner][vc_column_inner width=&#8221;1\/3&#8243;][vc_column_text]<\/p>\n<h3>Sekretariat<\/h3>\n<p>tel.: +48 (89) 511 94 60<\/p>\n<p>e-mail: <a href=\"mailto:ultron@ultron.pl\">ultron@ultron.pl<\/a><\/p>\n<p>[\/vc_column_text][\/vc_column_inner][vc_column_inner width=&#8221;1\/3&#8243;][vc_column_text]<\/p>\n<h3>Ksi\u0119gowo\u015b\u0107<\/h3>\n<p>Bo\u017cena Zieli\u0144ska<\/p>\n<p>e-mail: <a href=\"mailto:ksiegowosc@ultron.pl\">ksiegowosc@ultron.pl<\/a><\/p>\n<p>[\/vc_column_text][\/vc_column_inner][vc_column_inner width=&#8221;1\/3&#8243;][vc_column_text]<\/p>\n<h3>Dzia\u0142 Handlowy<\/h3>\n<p>Tomasz Strzelczak<\/p>\n<p>kom.: +48 512 127 723<\/p>\n<p>e-mail:<a href=\"mailto:tomek@ultron.pl\"> tomek@ultron.pl<\/a><\/p>\n<p>[\/vc_column_text][\/vc_column_inner][\/vc_row_inner][vc_row_inner][vc_column_inner width=&#8221;1\/3&#8243;][vc_column_text]<\/p>\n<h3>Dzia\u0142 Techniczny<\/h3>\n<p>Marcin Piotrowski<\/p>\n<p>kom.: +48 662 009 258<\/p>\n<p>e-mail: <a href=\"mailto:m.piotrowski@ultron.pl\">m.piotrowski@ultron.pl<\/a><\/p>\n<p>&nbsp;<\/p>\n<p>[\/vc_column_text][\/vc_column_inner][vc_column_inner width=&#8221;1\/3&#8243;][vc_column_text]<\/p>\n<h3>Serwis<\/h3>\n<p>kom.: +48 698 692 328<\/p>\n<p>e-mail: <a href=\"mailto:serwis@ultron.pl\">serwis@ultron.pl<\/a><\/p>\n<p>&nbsp;<\/p>\n<p>[\/vc_column_text][\/vc_column_inner][vc_column_inner width=&#8221;1\/3&#8243;][\/vc_column_inner][\/vc_row_inner][\/vc_column][\/vc_row][vc_row full_width=&#8221;stretch_row_content_no_spaces&#8221;][vc_column][vc_raw_html]JTNDaWZyYW1lJTIwc3JjJTNEJTIyaHR0cHMlM0ElMkYlMkZ3d3cuZ29vZ2xlLmNvbSUyRm1hcHMlMkZlbWJlZCUzRnBiJTNEJTIxMW0xOCUyMTFtMTIlMjExbTMlMjExZDIzNTQuMzA3ODEyNDU4OCUyMTJkMjAuNDcwMTEwMzc3MjgzMjUyJTIxM2Q1My44MzczODg5Mzc4Njg1NDYlMjEybTMlMjExZjAlMjEyZjAlMjEzZjAlMjEzbTIlMjExaTEwMjQlMjEyaTc2OCUyMTRmMTMuMSUyMTNtMyUyMTFtMiUyMTFzMHg0NmUyN2MzNjYwMmRlNTlmJTI1M0EweDg2MzRlZTkxMjU4NDU3NjIlMjEyc09sc3p0eSUyNUM1JTI1ODRza2ElMjUyMDY2JTI1MkMlMjUyMDExLTAwMSUyNTIwRHl3aXR5JTIxNWUwJTIxM20yJTIxMXNwbCUyMTJzcGwlMjE0djE2ODE5OTgzNzI5NTQlMjE1bTIlMjExc3BsJTIxMnNwbCUyMiUyMHdpZHRoJTNEJTIyMTAwJTI1JTIyJTIwaGVpZ2h0JTNEJTIyNDUwJTIyJTIwc3R5bGUlM0QlMjJib3JkZXIlM0EwJTNCJTIyJTIwYWxsb3dmdWxsc2NyZWVuJTNEJTIyJTIyJTIwbG9hZGluZyUzRCUyMmxhenklMjIlMjByZWZlcnJlcnBvbGljeSUzRCUyMm5vLXJlZmVycmVyLXdoZW4tZG93bmdyYWRlJTIyJTNFJTNDJTJGaWZyYW1lJTNF[\/vc_raw_html][\/vc_column][\/vc_row]<\/p>\n","protected":false},"excerpt":{"rendered":"<p>[vc_row full_width=&#8221;stretch_row_content_no_spaces&#8221; css=&#8221;.vc_custom_1678372458993{border-bottom-width: 70px !important;padding-top: 30px !important;}&#8221;][vc_column][vc_column_text] Professional advice Call us and get a free consultation, our experts will help you pick equipment that is suited to your needs. [\/vc_column_text][\/vc_column][\/vc_row][vc_row [&#8230;]<\/p>\n","protected":false},"author":1,"featured_media":0,"parent":0,"menu_order":0,"comment_status":"closed","ping_status":"closed","template":"","meta":{"footnotes":""},"yoast_head":"<!-- This site is optimized with the Yoast SEO plugin v21.0 - https:\/\/yoast.com\/wordpress\/plugins\/seo\/ -->\n<title>Contact details - ULTRON - Ultrasonic cleaners<\/title>\n<meta name=\"robots\" content=\"index, follow, max-snippet:-1, max-image-preview:large, max-video-preview:-1\" \/>\n<link rel=\"canonical\" href=\"https:\/\/www.ultron.pl\/en\/contact-details\/\" \/>\n<meta property=\"og:locale\" content=\"en_US\" \/>\n<meta property=\"og:type\" content=\"article\" \/>\n<meta property=\"og:title\" content=\"Contact details - ULTRON - Ultrasonic cleaners\" \/>\n<meta property=\"og:description\" content=\"[vc_row full_width=&#8221;stretch_row_content_no_spaces&#8221; css=&#8221;.vc_custom_1678372458993{border-bottom-width: 70px !important;padding-top: 30px !important;}&#8221;][vc_column][vc_column_text] Professional advice Call us and get a free consultation, our experts will help you pick equipment that is suited to your needs. [\/vc_column_text][\/vc_column][\/vc_row][vc_row [...]\" \/>\n<meta property=\"og:url\" content=\"https:\/\/www.ultron.pl\/en\/contact-details\/\" \/>\n<meta property=\"og:site_name\" content=\"ULTRON - Ultrasonic cleaners\" \/>\n<meta property=\"article:modified_time\" content=\"2025-08-22T10:38:31+00:00\" \/>\n<meta name=\"twitter:card\" content=\"summary_large_image\" \/>\n<meta name=\"twitter:label1\" content=\"Est. reading time\" \/>\n\t<meta name=\"twitter:data1\" content=\"1 minute\" \/>\n<script type=\"application\/ld+json\" class=\"yoast-schema-graph\">{\"@context\":\"https:\/\/schema.org\",\"@graph\":[{\"@type\":\"WebPage\",\"@id\":\"https:\/\/www.ultron.pl\/en\/contact-details\/\",\"url\":\"https:\/\/www.ultron.pl\/en\/contact-details\/\",\"name\":\"Contact details - ULTRON - Ultrasonic cleaners\",\"isPartOf\":{\"@id\":\"https:\/\/www.ultron.pl\/en\/#website\"},\"datePublished\":\"2021-10-20T10:31:04+00:00\",\"dateModified\":\"2025-08-22T10:38:31+00:00\",\"breadcrumb\":{\"@id\":\"https:\/\/www.ultron.pl\/en\/contact-details\/#breadcrumb\"},\"inLanguage\":\"en-US\",\"potentialAction\":[{\"@type\":\"ReadAction\",\"target\":[\"https:\/\/www.ultron.pl\/en\/contact-details\/\"]}]},{\"@type\":\"BreadcrumbList\",\"@id\":\"https:\/\/www.ultron.pl\/en\/contact-details\/#breadcrumb\",\"itemListElement\":[{\"@type\":\"ListItem\",\"position\":1,\"name\":\"Main page\",\"item\":\"https:\/\/www.ultron.pl\/en\/\"},{\"@type\":\"ListItem\",\"position\":2,\"name\":\"Contact details\"}]},{\"@type\":\"WebSite\",\"@id\":\"https:\/\/www.ultron.pl\/en\/#website\",\"url\":\"https:\/\/www.ultron.pl\/en\/\",\"name\":\"ULTRON - Ultrasonic cleaners\",\"description\":\"Ultron - Ultrasonic cleaners, Spray cleaners, Off the shelf cleaners\",\"publisher\":{\"@id\":\"https:\/\/www.ultron.pl\/en\/#organization\"},\"potentialAction\":[{\"@type\":\"SearchAction\",\"target\":{\"@type\":\"EntryPoint\",\"urlTemplate\":\"https:\/\/www.ultron.pl\/en\/?s={search_term_string}\"},\"query-input\":\"required name=search_term_string\"}],\"inLanguage\":\"en-US\"},{\"@type\":\"Organization\",\"@id\":\"https:\/\/www.ultron.pl\/en\/#organization\",\"name\":\"ULTRON - Ultrasonic cleaners\",\"url\":\"https:\/\/www.ultron.pl\/en\/\",\"logo\":{\"@type\":\"ImageObject\",\"inLanguage\":\"en-US\",\"@id\":\"https:\/\/www.ultron.pl\/en\/#\/schema\/logo\/image\/\",\"url\":\"\",\"contentUrl\":\"\",\"caption\":\"ULTRON - Ultrasonic cleaners\"},\"image\":{\"@id\":\"https:\/\/www.ultron.pl\/en\/#\/schema\/logo\/image\/\"}}]}<\/script>\n<!-- \/ Yoast SEO plugin. -->","yoast_head_json":{"title":"Contact details - ULTRON - Ultrasonic cleaners","robots":{"index":"index","follow":"follow","max-snippet":"max-snippet:-1","max-image-preview":"max-image-preview:large","max-video-preview":"max-video-preview:-1"},"canonical":"https:\/\/www.ultron.pl\/en\/contact-details\/","og_locale":"en_US","og_type":"article","og_title":"Contact details - ULTRON - Ultrasonic cleaners","og_description":"[vc_row full_width=&#8221;stretch_row_content_no_spaces&#8221; css=&#8221;.vc_custom_1678372458993{border-bottom-width: 70px !important;padding-top: 30px !important;}&#8221;][vc_column][vc_column_text] Professional advice Call us and get a free consultation, our experts will help you pick equipment that is suited to your needs. [\/vc_column_text][\/vc_column][\/vc_row][vc_row [...]","og_url":"https:\/\/www.ultron.pl\/en\/contact-details\/","og_site_name":"ULTRON - Ultrasonic cleaners","article_modified_time":"2025-08-22T10:38:31+00:00","twitter_card":"summary_large_image","twitter_misc":{"Est. reading time":"1 minute"},"schema":{"@context":"https:\/\/schema.org","@graph":[{"@type":"WebPage","@id":"https:\/\/www.ultron.pl\/en\/contact-details\/","url":"https:\/\/www.ultron.pl\/en\/contact-details\/","name":"Contact details - ULTRON - Ultrasonic cleaners","isPartOf":{"@id":"https:\/\/www.ultron.pl\/en\/#website"},"datePublished":"2021-10-20T10:31:04+00:00","dateModified":"2025-08-22T10:38:31+00:00","breadcrumb":{"@id":"https:\/\/www.ultron.pl\/en\/contact-details\/#breadcrumb"},"inLanguage":"en-US","potentialAction":[{"@type":"ReadAction","target":["https:\/\/www.ultron.pl\/en\/contact-details\/"]}]},{"@type":"BreadcrumbList","@id":"https:\/\/www.ultron.pl\/en\/contact-details\/#breadcrumb","itemListElement":[{"@type":"ListItem","position":1,"name":"Main page","item":"https:\/\/www.ultron.pl\/en\/"},{"@type":"ListItem","position":2,"name":"Contact details"}]},{"@type":"WebSite","@id":"https:\/\/www.ultron.pl\/en\/#website","url":"https:\/\/www.ultron.pl\/en\/","name":"ULTRON - Ultrasonic cleaners","description":"Ultron - Ultrasonic cleaners, Spray cleaners, Off the shelf cleaners","publisher":{"@id":"https:\/\/www.ultron.pl\/en\/#organization"},"potentialAction":[{"@type":"SearchAction","target":{"@type":"EntryPoint","urlTemplate":"https:\/\/www.ultron.pl\/en\/?s={search_term_string}"},"query-input":"required name=search_term_string"}],"inLanguage":"en-US"},{"@type":"Organization","@id":"https:\/\/www.ultron.pl\/en\/#organization","name":"ULTRON - Ultrasonic cleaners","url":"https:\/\/www.ultron.pl\/en\/","logo":{"@type":"ImageObject","inLanguage":"en-US","@id":"https:\/\/www.ultron.pl\/en\/#\/schema\/logo\/image\/","url":"","contentUrl":"","caption":"ULTRON - Ultrasonic cleaners"},"image":{"@id":"https:\/\/www.ultron.pl\/en\/#\/schema\/logo\/image\/"}}]}},"_links":{"self":[{"href":"https:\/\/www.ultron.pl\/en\/wp-json\/wp\/v2\/pages\/9834"}],"collection":[{"href":"https:\/\/www.ultron.pl\/en\/wp-json\/wp\/v2\/pages"}],"about":[{"href":"https:\/\/www.ultron.pl\/en\/wp-json\/wp\/v2\/types\/page"}],"author":[{"embeddable":true,"href":"https:\/\/www.ultron.pl\/en\/wp-json\/wp\/v2\/users\/1"}],"replies":[{"embeddable":true,"href":"https:\/\/www.ultron.pl\/en\/wp-json\/wp\/v2\/comments?post=9834"}],"version-history":[{"count":10,"href":"https:\/\/www.ultron.pl\/en\/wp-json\/wp\/v2\/pages\/9834\/revisions"}],"predecessor-version":[{"id":18032,"href":"https:\/\/www.ultron.pl\/en\/wp-json\/wp\/v2\/pages\/9834\/revisions\/18032"}],"wp:attachment":[{"href":"https:\/\/www.ultron.pl\/en\/wp-json\/wp\/v2\/media?parent=9834"}],"curies":[{"name":"wp","href":"https:\/\/api.w.org\/{rel}","templated":true}]}}