{"id":15951,"date":"2023-03-24T15:43:33","date_gmt":"2023-03-24T14:43:33","guid":{"rendered":"https:\/\/www.ultron.pl\/en\/?page_id=15951"},"modified":"2025-01-10T09:12:42","modified_gmt":"2025-01-10T08:12:42","slug":"csr","status":"publish","type":"page","link":"https:\/\/www.ultron.pl\/en\/csr\/","title":{"rendered":"CSR"},"content":{"rendered":"<p>[vc_row][vc_column][vc_column_text]<\/p>\n<p style=\"text-align: center;\"><strong>Projekt wsp\u00f3\u0142finansowany przez Szwajcari\u0119<\/strong><\/p>\n<p style=\"text-align: center;\"><strong>w ramach szwajcarskiego programu wsp\u00f3\u0142pracy z nowymi krajami cz\u0142onkowskimi<\/strong><\/p>\n<p style=\"text-align: center;\"><strong>Unii Europejskiej<\/strong><\/p>\n<p>&nbsp;<\/p>\n<p style=\"text-align: center;\"><em><strong>\u201eStrategia CSR w ULTRON Zak\u0142ad Urz\u0105dze\u0144 Elektronicznych Krzysztof Krankowski &#8211; nowe oblicze przedsi\u0119biorstwa\u201d<\/strong><\/em><\/p>\n<p>&nbsp;<\/p>\n<p><strong>Og\u0142oszenie<\/strong><\/p>\n<p><strong>30-09-2016<\/strong><\/p>\n<p>Niniejszym informujemy, \u017ce zako\u0144czyli\u015bmy projekt pn.: \u201eStrategia CSR w ULTRON Zak\u0142ad Urz\u0105dze\u0144 Elektronicznych Krzysztof Krankowski \u2013 nowe oblicze przedsi\u0119biorstwa\u201d, kt\u00f3ry polega\u0142 na opracowaniu i wdro\u017ceniu strategii Spo\u0142ecznej Odpowiedzialno\u015bci Biznesu (CSR) w spos\u00f3b kompleksowy i trwa\u0142y, kt\u00f3rej za\u0142o\u017cenia stanowi\u0142y jednocze\u015bnie cele szczeg\u00f3\u0142owe projektu. Projekt by\u0142 wsp\u00f3\u0142finansowany przez Szwajcari\u0119 w ramach szwajcarskiego programu wsp\u00f3\u0142pracy z nowymi krajami cz\u0142onkowskimi Unii Europejskiej.<\/p>\n<p>W za\u0142\u0105czeniu &#8211; informacja o realizacji projektu<\/p>\n<p>&nbsp;<\/p>\n<p><strong>Og\u0142oszenie<\/strong><\/p>\n<p><strong>30-09-2016<\/strong><\/p>\n<p>Niniejszym informujemy, \u017ce zako\u0144czyli\u015bmy projekt pn.: \u201eStrategia CSR w ULTRON Zak\u0142ad Urz\u0105dze\u0144 Elektronicznych Krzysztof Krankowski \u2013 nowe oblicze przedsi\u0119biorstwa\u201d, kt\u00f3ry polega\u0142 na opracowaniu i wdro\u017ceniu strategii Spo\u0142ecznej Odpowiedzialno\u015bci Biznesu (CSR) w spos\u00f3b kompleksowy i trwa\u0142y, kt\u00f3rej za\u0142o\u017cenia stanowi\u0142y jednocze\u015bnie cele szczeg\u00f3\u0142owe projektu.<\/p>\n<p>Projekt jest wsp\u00f3\u0142finansowany przez Szwajcari\u0119 w ramach szwajcarskiego programu wsp\u00f3\u0142pracy z nowymi krajami cz\u0142onkowskimi Unii Europejskiej.<\/p>\n<p>Prezentujemy \u201eRAPORT O ZR\u00d3WNOWA\u017bONYM ROZWOJU FIRMY OPRACOWANY W ZAKRESIE PODSTAWOWYM ZGODNIE ZE STANDARDEM GRI. 4 &#8216;In accordance&#8217; \u2013 Core\u201d.<\/p>\n<p>W za\u0142\u0105czeniu \u2013 raport<\/p>\n<p>&nbsp;<\/p>\n<p><strong>Og\u0142oszenie<\/strong><\/p>\n<p><strong>30-09-2016<\/strong><\/p>\n<p>Niniejszym informujemy, \u017ce zako\u0144czyli\u015bmy projekt pn.: \u201eStrategia CSR w ULTRON Zak\u0142ad Urz\u0105dze\u0144 Elektronicznych Krzysztof Krankowski \u2013 nowe oblicze przedsi\u0119biorstwa\u201d, kt\u00f3ry polega\u0142 na opracowaniu i wdro\u017ceniu strategii Spo\u0142ecznej Odpowiedzialno\u015bci Biznesu (CSR) w spos\u00f3b kompleksowy i trwa\u0142y, kt\u00f3rej za\u0142o\u017cenia stanowi\u0142y jednocze\u015bnie cele szczeg\u00f3\u0142owe projektu. Projekt wsp\u00f3\u0142finansowany przez Szwajcari\u0119 w ramach szwajcarskiego programu wsp\u00f3\u0142pracy z nowymi krajami cz\u0142onkowskimi Unii Europejskiej<\/p>\n<p>Prezentujemy Pa\u0144stwu wyniki ankiety przeprowadzonej w\u015br\u00f3d naszych Interesariuszy zewn\u0119trznych.<\/p>\n<p>% uzyskanych odpowiedzi na ankiet\u0119 \u2013 20 %.<\/p>\n<p>Znajomo\u015b\u0107 koncepcji CSR w\u015br\u00f3d % respondent\u00f3w b\u0119d\u0105cych kluczowymi interesariuszami projektu \u2013 70 %.<\/p>\n<p>\u0179r\u00f3d\u0142em informacji o CSR by\u0142 ULTRON dla % respondent\u00f3w \u2013 90%.<\/p>\n<p>% respondent\u00f3w oceniaj\u0105cych wdro\u017cenie CSR w firmie ULTRON na poziomie co najmniej dobrym \u2013 90 %.<\/p>\n<p>% respondent\u00f3w kt\u00f3ry uzna\u0142, \u017ce wdro\u017cenie strategii CSR w ULTRON wp\u0142yn\u0119\u0142o uwiarygadniaj\u0105co na postrzeganie ULTRON jako partnera biznesowego oraz pog\u0142\u0119bi\u0142o wsp\u00f3\u0142prac\u0119 z firm\u0105, daj\u0105c innym podmiotom w\u0142a\u015bciwy wz\u00f3r do na\u015bladowania \u2013 100 %.<\/p>\n<p>W za\u0142\u0105czeniu \u2013 Ankieta_Interesariusze_Zewnetrzni_ULTRON.pdf<\/p>\n<p>&nbsp;<\/p>\n<p><strong>Og\u0142oszenie<\/strong><\/p>\n<p><strong>16-09-2016<\/strong><\/p>\n<p>Prezentujemy raport Nr 3 z przebiegu prac dotycz\u0105cych projektu pn.: \u201eStrategia CSR w ULTRON Zak\u0142ad Urz\u0105dze\u0144 Elektronicznych Krzysztof Krankowski \u2013 nowe oblicze przedsi\u0119biorstwa\u201d, kt\u00f3ry polega na opracowaniu i wdro\u017ceniu strategii Spo\u0142ecznej Odpowiedzialno\u015bci Biznesu (CSR) w ULTRON Zak\u0142ad Urz\u0105dze\u0144 Elektronicznych Krzysztof Krankowski.<\/p>\n<p>Projekt jest wsp\u00f3\u0142finansowany przez Szwajcari\u0119 w ramach szwajcarskiego programu wsp\u00f3\u0142pracy z nowymi krajami cz\u0142onkowskimi Unii Europejskiej.<\/p>\n<p>W za\u0142\u0105czeniu \u2013 Raport nr 3 CSR dot. realizacji projektu<\/p>\n<p>&nbsp;<\/p>\n<p><strong>Og\u0142oszenie<\/strong><\/p>\n<p><strong>30-08-2016<\/strong><\/p>\n<p>Prezentujemy raport Nr 2 z przebiegu prac dotycz\u0105cych projektu pn.: \u201eStrategia CSR w ULTRON Zak\u0142ad Urz\u0105dze\u0144 Elektronicznych Krzysztof Krankowski \u2013 nowe oblicze przedsi\u0119biorstwa\u201d, kt\u00f3ry polega na opracowaniu i wdro\u017ceniu strategii Spo\u0142ecznej Odpowiedzialno\u015bci Biznesu (CSR) w ULTRON Zak\u0142ad Urz\u0105dze\u0144 Elektronicznych Krzysztof Krankowski.<\/p>\n<p>Projekt jest wsp\u00f3\u0142finansowany przez Szwajcari\u0119 w ramach szwajcarskiego programu wsp\u00f3\u0142pracy z nowymi krajami cz\u0142onkowskimi Unii Europejskiej.<\/p>\n<p>W za\u0142\u0105czeniu \u2013 Raport nr 2 CSR dot. realizacji projektu<\/p>\n<p>&nbsp;<\/p>\n<p><strong>Og\u0142oszenie<\/strong><\/p>\n<p><strong>30-08-2016<\/strong><\/p>\n<p>Prezentujemy raport Nr 1 z przebiegu prac dotycz\u0105cych projektu pn.: \u201eStrategia CSR w ULTRON Zak\u0142ad Urz\u0105dze\u0144 Elektronicznych Krzysztof Krankowski \u2013 nowe oblicze przedsi\u0119biorstwa\u201d, kt\u00f3ry polega na opracowaniu i wdro\u017ceniu strategii Spo\u0142ecznej Odpowiedzialno\u015bci Biznesu (CSR) w ULTRON Zak\u0142ad Urz\u0105dze\u0144 Elektronicznych Krzysztof Krankowski.<\/p>\n<p>Projekt jest wsp\u00f3\u0142finansowany przez Szwajcari\u0119 w ramach szwajcarskiego programu wsp\u00f3\u0142pracy z nowymi krajami cz\u0142onkowskimi Unii Europejskiej.<\/p>\n<p>W za\u0142\u0105czeniu \u2013 Raport nr 1 CSR dot. realizacji projektu<\/p>\n<p>&nbsp;<\/p>\n<p>Zapraszamy do z\u0142o\u017cenia oferty na us\u0142ugi dot. Strategia CSR dla ULTRON Zak\u0142ad Urz\u0105dze\u0144 Elektronicznych Krzysztof Krankowski &#8211; Nowe oblicze przedsi\u0119biorstwa.<\/p>\n<p><strong>16-05-2016<\/strong><\/p>\n<p>Zapraszamy do z\u0142o\u017cenia oferty na us\u0142ugi dot. Strategia CSR dla ULTRON Zak\u0142ad Urz\u0105dze\u0144<\/p>\n<p>Elektronicznych Krzysztof Krankowski &#8211; Nowe oblicze przedsi\u0119biorstwa<\/p>\n<p>W za\u0142\u0105czeniu &#8211; Formularz ofertowy<\/p>\n<p>&nbsp;<\/p>\n<p>&nbsp;<\/p>\n<p>Strategia CSR dla ULTRON Zak\u0142ad Urz\u0105dze\u0144 Elektronicznych Krzysztof Krankowski &#8211; Nowe oblicze przedsi\u0119biorstwa.<\/p>\n<p><strong>13-05-2016<\/strong><\/p>\n<p>ULTRON Zak\u0142ad Urz\u0105dze\u0144 Elektronicznych Krzysztof Krankowski realizuje projekt pn.: \u201eStrategia CSR dla ULTRON Zak\u0142ad Urz\u0105dze\u0144 Elektronicznych Krzysztof Krankowski. Nowe oblicze przedsi\u0119biorstwa\u201d, wsp\u00f3\u0142finansowany przez Szwajcarsko \u2013 Polski Program Wsp\u00f3\u0142pracy.<\/p>\n<p>Projekt jest realizowany na podstawie umowy o udzielenie wsparcia na wdro\u017cenie CSR, zawartej z Polsk\u0105 Agencj\u0105 Rozwoju Przedsi\u0119biorczo\u015bci.<\/p>\n<p>Projekt jest wsp\u00f3\u0142finansowany przez Szwajcari\u0119 w ramach szwajcarskiego programu wsp\u00f3\u0142pracy z nowymi krajami cz\u0142onkowskimi Unii Europejskiej.<\/p>\n<p>[\/vc_column_text][\/vc_column][\/vc_row]<\/p>\n","protected":false},"excerpt":{"rendered":"<p>[vc_row][vc_column][vc_column_text] Projekt wsp\u00f3\u0142finansowany przez Szwajcari\u0119 w ramach szwajcarskiego programu wsp\u00f3\u0142pracy z nowymi krajami cz\u0142onkowskimi Unii Europejskiej &nbsp; \u201eStrategia CSR w ULTRON Zak\u0142ad Urz\u0105dze\u0144 Elektronicznych Krzysztof Krankowski &#8211; nowe oblicze przedsi\u0119biorstwa\u201d [&#8230;]<\/p>\n","protected":false},"author":1,"featured_media":0,"parent":0,"menu_order":0,"comment_status":"closed","ping_status":"closed","template":"","meta":{"footnotes":""},"yoast_head":"<!-- This site is optimized with the Yoast SEO plugin v21.0 - https:\/\/yoast.com\/wordpress\/plugins\/seo\/ -->\n<title>CSR - ULTRON - Ultrasonic cleaners<\/title>\n<meta name=\"robots\" content=\"index, follow, max-snippet:-1, max-image-preview:large, max-video-preview:-1\" \/>\n<link rel=\"canonical\" href=\"https:\/\/www.ultron.pl\/en\/csr\/\" \/>\n<meta property=\"og:locale\" content=\"en_US\" \/>\n<meta property=\"og:type\" content=\"article\" \/>\n<meta property=\"og:title\" content=\"CSR - ULTRON - Ultrasonic cleaners\" \/>\n<meta property=\"og:description\" content=\"[vc_row][vc_column][vc_column_text] Projekt wsp\u00f3\u0142finansowany przez Szwajcari\u0119 w ramach szwajcarskiego programu wsp\u00f3\u0142pracy z nowymi krajami cz\u0142onkowskimi Unii Europejskiej &nbsp; \u201eStrategia CSR w ULTRON Zak\u0142ad Urz\u0105dze\u0144 Elektronicznych Krzysztof Krankowski &#8211; nowe oblicze przedsi\u0119biorstwa\u201d [...]\" \/>\n<meta property=\"og:url\" content=\"https:\/\/www.ultron.pl\/en\/csr\/\" \/>\n<meta property=\"og:site_name\" content=\"ULTRON - Ultrasonic cleaners\" \/>\n<meta property=\"article:modified_time\" content=\"2025-01-10T08:12:42+00:00\" \/>\n<meta name=\"twitter:card\" content=\"summary_large_image\" \/>\n<meta name=\"twitter:label1\" content=\"Est. reading time\" \/>\n\t<meta name=\"twitter:data1\" content=\"4 minutes\" \/>\n<script type=\"application\/ld+json\" class=\"yoast-schema-graph\">{\"@context\":\"https:\/\/schema.org\",\"@graph\":[{\"@type\":\"WebPage\",\"@id\":\"https:\/\/www.ultron.pl\/en\/csr\/\",\"url\":\"https:\/\/www.ultron.pl\/en\/csr\/\",\"name\":\"CSR - ULTRON - Ultrasonic cleaners\",\"isPartOf\":{\"@id\":\"https:\/\/www.ultron.pl\/en\/#website\"},\"datePublished\":\"2023-03-24T14:43:33+00:00\",\"dateModified\":\"2025-01-10T08:12:42+00:00\",\"breadcrumb\":{\"@id\":\"https:\/\/www.ultron.pl\/en\/csr\/#breadcrumb\"},\"inLanguage\":\"en-US\",\"potentialAction\":[{\"@type\":\"ReadAction\",\"target\":[\"https:\/\/www.ultron.pl\/en\/csr\/\"]}]},{\"@type\":\"BreadcrumbList\",\"@id\":\"https:\/\/www.ultron.pl\/en\/csr\/#breadcrumb\",\"itemListElement\":[{\"@type\":\"ListItem\",\"position\":1,\"name\":\"Main page\",\"item\":\"https:\/\/www.ultron.pl\/en\/\"},{\"@type\":\"ListItem\",\"position\":2,\"name\":\"CSR\"}]},{\"@type\":\"WebSite\",\"@id\":\"https:\/\/www.ultron.pl\/en\/#website\",\"url\":\"https:\/\/www.ultron.pl\/en\/\",\"name\":\"ULTRON - Ultrasonic cleaners\",\"description\":\"Ultron - Ultrasonic cleaners, Spray cleaners, Off the shelf cleaners\",\"publisher\":{\"@id\":\"https:\/\/www.ultron.pl\/en\/#organization\"},\"potentialAction\":[{\"@type\":\"SearchAction\",\"target\":{\"@type\":\"EntryPoint\",\"urlTemplate\":\"https:\/\/www.ultron.pl\/en\/?s={search_term_string}\"},\"query-input\":\"required name=search_term_string\"}],\"inLanguage\":\"en-US\"},{\"@type\":\"Organization\",\"@id\":\"https:\/\/www.ultron.pl\/en\/#organization\",\"name\":\"ULTRON - Ultrasonic cleaners\",\"url\":\"https:\/\/www.ultron.pl\/en\/\",\"logo\":{\"@type\":\"ImageObject\",\"inLanguage\":\"en-US\",\"@id\":\"https:\/\/www.ultron.pl\/en\/#\/schema\/logo\/image\/\",\"url\":\"\",\"contentUrl\":\"\",\"caption\":\"ULTRON - Ultrasonic cleaners\"},\"image\":{\"@id\":\"https:\/\/www.ultron.pl\/en\/#\/schema\/logo\/image\/\"}}]}<\/script>\n<!-- \/ Yoast SEO plugin. -->","yoast_head_json":{"title":"CSR - ULTRON - Ultrasonic cleaners","robots":{"index":"index","follow":"follow","max-snippet":"max-snippet:-1","max-image-preview":"max-image-preview:large","max-video-preview":"max-video-preview:-1"},"canonical":"https:\/\/www.ultron.pl\/en\/csr\/","og_locale":"en_US","og_type":"article","og_title":"CSR - ULTRON - Ultrasonic cleaners","og_description":"[vc_row][vc_column][vc_column_text] Projekt wsp\u00f3\u0142finansowany przez Szwajcari\u0119 w ramach szwajcarskiego programu wsp\u00f3\u0142pracy z nowymi krajami cz\u0142onkowskimi Unii Europejskiej &nbsp; \u201eStrategia CSR w ULTRON Zak\u0142ad Urz\u0105dze\u0144 Elektronicznych Krzysztof Krankowski &#8211; nowe oblicze przedsi\u0119biorstwa\u201d [...]","og_url":"https:\/\/www.ultron.pl\/en\/csr\/","og_site_name":"ULTRON - Ultrasonic cleaners","article_modified_time":"2025-01-10T08:12:42+00:00","twitter_card":"summary_large_image","twitter_misc":{"Est. reading time":"4 minutes"},"schema":{"@context":"https:\/\/schema.org","@graph":[{"@type":"WebPage","@id":"https:\/\/www.ultron.pl\/en\/csr\/","url":"https:\/\/www.ultron.pl\/en\/csr\/","name":"CSR - ULTRON - Ultrasonic cleaners","isPartOf":{"@id":"https:\/\/www.ultron.pl\/en\/#website"},"datePublished":"2023-03-24T14:43:33+00:00","dateModified":"2025-01-10T08:12:42+00:00","breadcrumb":{"@id":"https:\/\/www.ultron.pl\/en\/csr\/#breadcrumb"},"inLanguage":"en-US","potentialAction":[{"@type":"ReadAction","target":["https:\/\/www.ultron.pl\/en\/csr\/"]}]},{"@type":"BreadcrumbList","@id":"https:\/\/www.ultron.pl\/en\/csr\/#breadcrumb","itemListElement":[{"@type":"ListItem","position":1,"name":"Main page","item":"https:\/\/www.ultron.pl\/en\/"},{"@type":"ListItem","position":2,"name":"CSR"}]},{"@type":"WebSite","@id":"https:\/\/www.ultron.pl\/en\/#website","url":"https:\/\/www.ultron.pl\/en\/","name":"ULTRON - Ultrasonic cleaners","description":"Ultron - Ultrasonic cleaners, Spray cleaners, Off the shelf cleaners","publisher":{"@id":"https:\/\/www.ultron.pl\/en\/#organization"},"potentialAction":[{"@type":"SearchAction","target":{"@type":"EntryPoint","urlTemplate":"https:\/\/www.ultron.pl\/en\/?s={search_term_string}"},"query-input":"required name=search_term_string"}],"inLanguage":"en-US"},{"@type":"Organization","@id":"https:\/\/www.ultron.pl\/en\/#organization","name":"ULTRON - Ultrasonic cleaners","url":"https:\/\/www.ultron.pl\/en\/","logo":{"@type":"ImageObject","inLanguage":"en-US","@id":"https:\/\/www.ultron.pl\/en\/#\/schema\/logo\/image\/","url":"","contentUrl":"","caption":"ULTRON - Ultrasonic cleaners"},"image":{"@id":"https:\/\/www.ultron.pl\/en\/#\/schema\/logo\/image\/"}}]}},"_links":{"self":[{"href":"https:\/\/www.ultron.pl\/en\/wp-json\/wp\/v2\/pages\/15951"}],"collection":[{"href":"https:\/\/www.ultron.pl\/en\/wp-json\/wp\/v2\/pages"}],"about":[{"href":"https:\/\/www.ultron.pl\/en\/wp-json\/wp\/v2\/types\/page"}],"author":[{"embeddable":true,"href":"https:\/\/www.ultron.pl\/en\/wp-json\/wp\/v2\/users\/1"}],"replies":[{"embeddable":true,"href":"https:\/\/www.ultron.pl\/en\/wp-json\/wp\/v2\/comments?post=15951"}],"version-history":[{"count":1,"href":"https:\/\/www.ultron.pl\/en\/wp-json\/wp\/v2\/pages\/15951\/revisions"}],"predecessor-version":[{"id":17915,"href":"https:\/\/www.ultron.pl\/en\/wp-json\/wp\/v2\/pages\/15951\/revisions\/17915"}],"wp:attachment":[{"href":"https:\/\/www.ultron.pl\/en\/wp-json\/wp\/v2\/media?parent=15951"}],"curies":[{"name":"wp","href":"https:\/\/api.w.org\/{rel}","templated":true}]}}