{"id":15840,"date":"2023-03-13T11:20:23","date_gmt":"2023-03-13T10:20:23","guid":{"rendered":"https:\/\/www.ultron.pl\/en\/?page_id=15840"},"modified":"2025-08-22T13:51:15","modified_gmt":"2025-08-22T11:51:15","slug":"applications","status":"publish","type":"page","link":"https:\/\/www.ultron.pl\/en\/applications\/","title":{"rendered":"Applications"},"content":{"rendered":"<p>[vc_row content_placement=&#8221;middle&#8221; css=&#8221;.vc_custom_1678700428625{padding-bottom: 25px !important;}&#8221;][vc_column width=&#8221;1\/4&#8243;][\/vc_column][vc_column width=&#8221;1\/2&#8243;][vc_column_text]<\/p>\n<p style=\"text-align: center;\"><span style=\"font-size: 14pt;\"><strong>Our solutions find application<\/strong><\/span><\/p>\n<p>in sectors, such as automotive, aerospace, medical (GMP-compliant devices), construction, railroad, home appliances, printing, remanufacturing, electronics, metalworking and many others.<\/p>\n<p>[\/vc_column_text][\/vc_column][vc_column width=&#8221;1\/4&#8243;][\/vc_column][\/vc_row][vc_row content_placement=&#8221;middle&#8221; css=&#8221;.vc_custom_1678700428625{padding-bottom: 25px !important;}&#8221;][vc_column][vc_row_inner content_placement=&#8221;middle&#8221; el_class=&#8221;puzzle&#8221;][vc_column_inner el_class=&#8221;puzzel&#8221; width=&#8221;1\/4&#8243;][vc_column_text]<\/p>\n<p><img decoding=\"async\" loading=\"lazy\" class=\"alignnone size-full wp-image-16898\" src=\"https:\/\/www.ultron.pl\/en\/wp-content\/uploads\/2023\/05\/automotive.png\" alt=\"\" width=\"64\" height=\"30\" srcset=\"https:\/\/www.ultron.pl\/en\/wp-content\/uploads\/2023\/05\/automotive.png 64w, https:\/\/www.ultron.pl\/en\/wp-content\/uploads\/2023\/05\/automotive-40x19.png 40w, https:\/\/www.ultron.pl\/en\/wp-content\/uploads\/2023\/05\/automotive-55x26.png 55w\" sizes=\"(max-width: 64px) 100vw, 64px\" \/>\u00a0 Automotive<\/p>\n<p>[\/vc_column_text][\/vc_column_inner][vc_column_inner el_class=&#8221;puzzel&#8221; width=&#8221;1\/4&#8243;][vc_column_text]<\/p>\n<p><img decoding=\"async\" loading=\"lazy\" class=\"alignnone size-full wp-image-16903\" src=\"https:\/\/www.ultron.pl\/en\/wp-content\/uploads\/2023\/05\/metale.png\" alt=\"\" width=\"44\" height=\"44\" srcset=\"https:\/\/www.ultron.pl\/en\/wp-content\/uploads\/2023\/05\/metale.png 44w, https:\/\/www.ultron.pl\/en\/wp-content\/uploads\/2023\/05\/metale-40x40.png 40w\" sizes=\"(max-width: 44px) 100vw, 44px\" \/> Metalworking<\/p>\n<p>[\/vc_column_text][\/vc_column_inner][vc_column_inner el_class=&#8221;puzzel&#8221; width=&#8221;1\/4&#8243;][vc_column_text]<\/p>\n<p><img decoding=\"async\" loading=\"lazy\" class=\"alignnone size-full wp-image-16904\" src=\"https:\/\/www.ultron.pl\/en\/wp-content\/uploads\/2023\/05\/poligrafia.png\" alt=\"\" width=\"49\" height=\"49\" srcset=\"https:\/\/www.ultron.pl\/en\/wp-content\/uploads\/2023\/05\/poligrafia.png 49w, https:\/\/www.ultron.pl\/en\/wp-content\/uploads\/2023\/05\/poligrafia-40x40.png 40w\" sizes=\"(max-width: 49px) 100vw, 49px\" \/>\u00a0 Printing<\/p>\n<p>[\/vc_column_text][\/vc_column_inner][vc_column_inner el_class=&#8221;puzzel&#8221; width=&#8221;1\/4&#8243;][vc_column_text]<\/p>\n<p><img decoding=\"async\" loading=\"lazy\" class=\"alignnone size-full wp-image-16901\" src=\"https:\/\/www.ultron.pl\/en\/wp-content\/uploads\/2023\/05\/elektryczne.png\" alt=\"\" width=\"35\" height=\"54\" srcset=\"https:\/\/www.ultron.pl\/en\/wp-content\/uploads\/2023\/05\/elektryczne.png 35w, https:\/\/www.ultron.pl\/en\/wp-content\/uploads\/2023\/05\/elektryczne-26x40.png 26w\" sizes=\"(max-width: 35px) 100vw, 35px\" \/>\u00a0 Electronics<\/p>\n<p>[\/vc_column_text][\/vc_column_inner][\/vc_row_inner][vc_row_inner content_placement=&#8221;middle&#8221; el_class=&#8221;puzzle&#8221;][vc_column_inner el_class=&#8221;puzzel&#8221; width=&#8221;1\/4&#8243;][vc_column_text]<\/p>\n<p><img decoding=\"async\" loading=\"lazy\" class=\"alignnone size-full wp-image-16899\" src=\"https:\/\/www.ultron.pl\/en\/wp-content\/uploads\/2023\/05\/airplane.png\" alt=\"\" width=\"48\" height=\"48\" srcset=\"https:\/\/www.ultron.pl\/en\/wp-content\/uploads\/2023\/05\/airplane.png 48w, https:\/\/www.ultron.pl\/en\/wp-content\/uploads\/2023\/05\/airplane-40x40.png 40w\" sizes=\"(max-width: 48px) 100vw, 48px\" \/> Aerospace<\/p>\n<p>[\/vc_column_text][\/vc_column_inner][vc_column_inner el_class=&#8221;puzzel&#8221; width=&#8221;1\/4&#8243;][vc_column_text]<\/p>\n<p><img decoding=\"async\" loading=\"lazy\" class=\"alignnone size-full wp-image-16906\" src=\"https:\/\/www.ultron.pl\/en\/wp-content\/uploads\/2023\/05\/precyzyjne.png\" alt=\"\" width=\"50\" height=\"50\" srcset=\"https:\/\/www.ultron.pl\/en\/wp-content\/uploads\/2023\/05\/precyzyjne.png 50w, https:\/\/www.ultron.pl\/en\/wp-content\/uploads\/2023\/05\/precyzyjne-40x40.png 40w\" sizes=\"(max-width: 50px) 100vw, 50px\" \/>\u00a0 Precision technologies<\/p>\n<p>[\/vc_column_text][\/vc_column_inner][vc_column_inner el_class=&#8221;puzzel&#8221; width=&#8221;1\/4&#8243;][vc_column_text]<\/p>\n<p><img decoding=\"async\" loading=\"lazy\" class=\"alignnone size-full wp-image-16907\" src=\"https:\/\/www.ultron.pl\/en\/wp-content\/uploads\/2023\/05\/mechaniczne.png\" alt=\"\" width=\"48\" height=\"48\" srcset=\"https:\/\/www.ultron.pl\/en\/wp-content\/uploads\/2023\/05\/mechaniczne.png 48w, https:\/\/www.ultron.pl\/en\/wp-content\/uploads\/2023\/05\/mechaniczne-40x40.png 40w\" sizes=\"(max-width: 48px) 100vw, 48px\" \/>\u00a0 Mechanical engineering<\/p>\n<p>[\/vc_column_text][\/vc_column_inner][vc_column_inner el_class=&#8221;puzzel&#8221; width=&#8221;1\/4&#8243;][vc_column_text]<\/p>\n<p><img decoding=\"async\" loading=\"lazy\" class=\"alignnone size-full wp-image-16900\" src=\"https:\/\/www.ultron.pl\/en\/wp-content\/uploads\/2023\/05\/budowlane.png\" alt=\"\" width=\"60\" height=\"57\" srcset=\"https:\/\/www.ultron.pl\/en\/wp-content\/uploads\/2023\/05\/budowlane.png 60w, https:\/\/www.ultron.pl\/en\/wp-content\/uploads\/2023\/05\/budowlane-40x38.png 40w, https:\/\/www.ultron.pl\/en\/wp-content\/uploads\/2023\/05\/budowlane-55x52.png 55w\" sizes=\"(max-width: 60px) 100vw, 60px\" \/> Construction<\/p>\n<p>[\/vc_column_text][\/vc_column_inner][\/vc_row_inner][vc_row_inner content_placement=&#8221;middle&#8221; el_class=&#8221;puzzle&#8221;][vc_column_inner el_class=&#8221;puzzel&#8221; width=&#8221;1\/4&#8243;][vc_column_text]<\/p>\n<p><img decoding=\"async\" loading=\"lazy\" class=\"alignnone size-full wp-image-16908\" src=\"https:\/\/www.ultron.pl\/en\/wp-content\/uploads\/2023\/05\/pociagi.png\" alt=\"\" width=\"36\" height=\"50\" srcset=\"https:\/\/www.ultron.pl\/en\/wp-content\/uploads\/2023\/05\/pociagi.png 36w, https:\/\/www.ultron.pl\/en\/wp-content\/uploads\/2023\/05\/pociagi-29x40.png 29w\" sizes=\"(max-width: 36px) 100vw, 36px\" \/>\u00a0 Railway<\/p>\n<p>[\/vc_column_text][\/vc_column_inner][vc_column_inner el_class=&#8221;puzzel&#8221; width=&#8221;1\/4&#8243;][vc_column_text]<\/p>\n<p><img decoding=\"async\" loading=\"lazy\" class=\"alignnone size-full wp-image-16909\" src=\"https:\/\/www.ultron.pl\/en\/wp-content\/uploads\/2023\/05\/medyczne.png\" alt=\"\" width=\"49\" height=\"49\" srcset=\"https:\/\/www.ultron.pl\/en\/wp-content\/uploads\/2023\/05\/medyczne.png 49w, https:\/\/www.ultron.pl\/en\/wp-content\/uploads\/2023\/05\/medyczne-40x40.png 40w\" sizes=\"(max-width: 49px) 100vw, 49px\" \/>\u00a0 Medicine<\/p>\n<p>[\/vc_column_text][\/vc_column_inner][vc_column_inner el_class=&#8221;puzzel&#8221; width=&#8221;1\/4&#8243;][vc_column_text]<\/p>\n<p><img decoding=\"async\" loading=\"lazy\" class=\"alignnone size-full wp-image-16910\" src=\"https:\/\/www.ultron.pl\/en\/wp-content\/uploads\/2023\/05\/agd.png\" alt=\"\" width=\"35\" height=\"46\" srcset=\"https:\/\/www.ultron.pl\/en\/wp-content\/uploads\/2023\/05\/agd.png 35w, https:\/\/www.ultron.pl\/en\/wp-content\/uploads\/2023\/05\/agd-30x40.png 30w\" sizes=\"(max-width: 35px) 100vw, 35px\" \/>\u00a0 Home appliances<\/p>\n<p>[\/vc_column_text][\/vc_column_inner][vc_column_inner el_class=&#8221;puzzel2&#8243; width=&#8221;1\/4&#8243;][\/vc_column_inner][\/vc_row_inner][\/vc_column][\/vc_row][vc_row][vc_column width=&#8221;1\/2&#8243;][vc_column_text]<\/p>\n<p><strong>INDUSTRY<\/strong><\/p>\n<ul>\n<li>Electronics<\/li>\n<\/ul>\n<p>&nbsp;<\/p>\n<p><strong>REGENERATION<\/strong><\/p>\n<ul>\n<li>motor component cleaning<\/li>\n<li>gearbox component cleaning<\/li>\n<li>turbine component cleaning<\/li>\n<li>injection pump component cleaning<\/li>\n<li>injector cleaning<\/li>\n<li>cleaning of wheel rims, complete wheels with tires<\/li>\n<\/ul>\n<p>[\/vc_column_text][\/vc_column][vc_column width=&#8221;1\/2&#8243;][vc_column_text]<\/p>\n<p><strong>LABORATORIA, SZPITALE, STOMATOLOGIA<\/strong><\/p>\n<ul>\n<li>mycie szk\u0142a laboratoryjnego, pipet,<\/li>\n<li>odgazowywanie p\u0142yn\u00f3w,<\/li>\n<li>wykonywanie emulsji,<\/li>\n<li>czyszczenie protez,<\/li>\n<li>czyszczenie narz\u0119dzi stomatologicznych,<\/li>\n<li>czyszczenie narz\u0119dzi chirurgicznych (endoskopy, gastroskopy, itp.)<\/li>\n<\/ul>\n<p>&nbsp;<\/p>\n<p><strong>POLIGRAFIA<\/strong><\/p>\n<ul>\n<li>mycie walc\u00f3w rastrowych, sleeve,<\/li>\n<li>wymywanie niena\u015bwietlonego fotopolimeru.<\/li>\n<li>Rewelacyjna metoda opracowana przez firm\u0119 &#8220;ULTRON&#8221; umo\u017cliwia bardzo dok\u0142adne mycie odlew\u00f3w polimerowych bez uszkodze\u0144 delikatnych element\u00f3w.<\/li>\n<\/ul>\n<p>&nbsp;<\/p>\n<p><strong>JUBILERSTWO<\/strong><\/p>\n<ul>\n<li>usuwanie z wyrob\u00f3w pasty polerskiej i resztek mas odlewniczych, do czyszczenia zabrudzonych wyrob\u00f3w.<\/li>\n<\/ul>\n<p>&nbsp;<\/p>\n<p>[\/vc_column_text][\/vc_column][\/vc_row]<\/p>\n","protected":false},"excerpt":{"rendered":"<p>[vc_row content_placement=&#8221;middle&#8221; css=&#8221;.vc_custom_1678700428625{padding-bottom: 25px !important;}&#8221;][vc_column width=&#8221;1\/4&#8243;][\/vc_column][vc_column width=&#8221;1\/2&#8243;][vc_column_text] Our solutions find application in sectors, such as automotive, aerospace, medical (GMP-compliant devices), construction, railroad, home appliances, printing, remanufacturing, electronics, metalworking and many [&#8230;]<\/p>\n","protected":false},"author":1,"featured_media":0,"parent":0,"menu_order":0,"comment_status":"closed","ping_status":"closed","template":"","meta":{"footnotes":""},"yoast_head":"<!-- This site is optimized with the Yoast SEO plugin v21.0 - https:\/\/yoast.com\/wordpress\/plugins\/seo\/ -->\n<title>Applications - ULTRON - Ultrasonic cleaners<\/title>\n<meta name=\"robots\" content=\"index, follow, max-snippet:-1, max-image-preview:large, max-video-preview:-1\" \/>\n<link rel=\"canonical\" href=\"https:\/\/www.ultron.pl\/en\/applications\/\" \/>\n<meta property=\"og:locale\" content=\"en_US\" \/>\n<meta property=\"og:type\" content=\"article\" \/>\n<meta property=\"og:title\" content=\"Applications - ULTRON - Ultrasonic cleaners\" \/>\n<meta property=\"og:description\" content=\"[vc_row content_placement=&#8221;middle&#8221; css=&#8221;.vc_custom_1678700428625{padding-bottom: 25px !important;}&#8221;][vc_column width=&#8221;1\/4&#8243;][\/vc_column][vc_column width=&#8221;1\/2&#8243;][vc_column_text] Our solutions find application in sectors, such as automotive, aerospace, medical (GMP-compliant devices), construction, railroad, home appliances, printing, remanufacturing, electronics, metalworking and many [...]\" \/>\n<meta property=\"og:url\" content=\"https:\/\/www.ultron.pl\/en\/applications\/\" \/>\n<meta property=\"og:site_name\" content=\"ULTRON - Ultrasonic cleaners\" \/>\n<meta property=\"article:modified_time\" content=\"2025-08-22T11:51:15+00:00\" \/>\n<meta property=\"og:image\" content=\"https:\/\/www.ultron.pl\/en\/wp-content\/uploads\/2023\/05\/automotive.png\" \/>\n<meta name=\"twitter:card\" content=\"summary_large_image\" \/>\n<meta name=\"twitter:label1\" content=\"Est. reading time\" \/>\n\t<meta name=\"twitter:data1\" content=\"3 minutes\" \/>\n<script type=\"application\/ld+json\" class=\"yoast-schema-graph\">{\"@context\":\"https:\/\/schema.org\",\"@graph\":[{\"@type\":\"WebPage\",\"@id\":\"https:\/\/www.ultron.pl\/en\/applications\/\",\"url\":\"https:\/\/www.ultron.pl\/en\/applications\/\",\"name\":\"Applications - ULTRON - Ultrasonic cleaners\",\"isPartOf\":{\"@id\":\"https:\/\/www.ultron.pl\/en\/#website\"},\"datePublished\":\"2023-03-13T10:20:23+00:00\",\"dateModified\":\"2025-08-22T11:51:15+00:00\",\"breadcrumb\":{\"@id\":\"https:\/\/www.ultron.pl\/en\/applications\/#breadcrumb\"},\"inLanguage\":\"en-US\",\"potentialAction\":[{\"@type\":\"ReadAction\",\"target\":[\"https:\/\/www.ultron.pl\/en\/applications\/\"]}]},{\"@type\":\"BreadcrumbList\",\"@id\":\"https:\/\/www.ultron.pl\/en\/applications\/#breadcrumb\",\"itemListElement\":[{\"@type\":\"ListItem\",\"position\":1,\"name\":\"Main page\",\"item\":\"https:\/\/www.ultron.pl\/en\/\"},{\"@type\":\"ListItem\",\"position\":2,\"name\":\"Applications\"}]},{\"@type\":\"WebSite\",\"@id\":\"https:\/\/www.ultron.pl\/en\/#website\",\"url\":\"https:\/\/www.ultron.pl\/en\/\",\"name\":\"ULTRON - Ultrasonic cleaners\",\"description\":\"Ultron - Ultrasonic cleaners, Spray cleaners, Off the shelf cleaners\",\"publisher\":{\"@id\":\"https:\/\/www.ultron.pl\/en\/#organization\"},\"potentialAction\":[{\"@type\":\"SearchAction\",\"target\":{\"@type\":\"EntryPoint\",\"urlTemplate\":\"https:\/\/www.ultron.pl\/en\/?s={search_term_string}\"},\"query-input\":\"required name=search_term_string\"}],\"inLanguage\":\"en-US\"},{\"@type\":\"Organization\",\"@id\":\"https:\/\/www.ultron.pl\/en\/#organization\",\"name\":\"ULTRON - Ultrasonic cleaners\",\"url\":\"https:\/\/www.ultron.pl\/en\/\",\"logo\":{\"@type\":\"ImageObject\",\"inLanguage\":\"en-US\",\"@id\":\"https:\/\/www.ultron.pl\/en\/#\/schema\/logo\/image\/\",\"url\":\"\",\"contentUrl\":\"\",\"caption\":\"ULTRON - Ultrasonic cleaners\"},\"image\":{\"@id\":\"https:\/\/www.ultron.pl\/en\/#\/schema\/logo\/image\/\"}}]}<\/script>\n<!-- \/ Yoast SEO plugin. -->","yoast_head_json":{"title":"Applications - ULTRON - Ultrasonic cleaners","robots":{"index":"index","follow":"follow","max-snippet":"max-snippet:-1","max-image-preview":"max-image-preview:large","max-video-preview":"max-video-preview:-1"},"canonical":"https:\/\/www.ultron.pl\/en\/applications\/","og_locale":"en_US","og_type":"article","og_title":"Applications - ULTRON - Ultrasonic cleaners","og_description":"[vc_row content_placement=&#8221;middle&#8221; css=&#8221;.vc_custom_1678700428625{padding-bottom: 25px !important;}&#8221;][vc_column width=&#8221;1\/4&#8243;][\/vc_column][vc_column width=&#8221;1\/2&#8243;][vc_column_text] Our solutions find application in sectors, such as automotive, aerospace, medical (GMP-compliant devices), construction, railroad, home appliances, printing, remanufacturing, electronics, metalworking and many [...]","og_url":"https:\/\/www.ultron.pl\/en\/applications\/","og_site_name":"ULTRON - Ultrasonic cleaners","article_modified_time":"2025-08-22T11:51:15+00:00","og_image":[{"url":"https:\/\/www.ultron.pl\/en\/wp-content\/uploads\/2023\/05\/automotive.png"}],"twitter_card":"summary_large_image","twitter_misc":{"Est. reading time":"3 minutes"},"schema":{"@context":"https:\/\/schema.org","@graph":[{"@type":"WebPage","@id":"https:\/\/www.ultron.pl\/en\/applications\/","url":"https:\/\/www.ultron.pl\/en\/applications\/","name":"Applications - ULTRON - Ultrasonic cleaners","isPartOf":{"@id":"https:\/\/www.ultron.pl\/en\/#website"},"datePublished":"2023-03-13T10:20:23+00:00","dateModified":"2025-08-22T11:51:15+00:00","breadcrumb":{"@id":"https:\/\/www.ultron.pl\/en\/applications\/#breadcrumb"},"inLanguage":"en-US","potentialAction":[{"@type":"ReadAction","target":["https:\/\/www.ultron.pl\/en\/applications\/"]}]},{"@type":"BreadcrumbList","@id":"https:\/\/www.ultron.pl\/en\/applications\/#breadcrumb","itemListElement":[{"@type":"ListItem","position":1,"name":"Main page","item":"https:\/\/www.ultron.pl\/en\/"},{"@type":"ListItem","position":2,"name":"Applications"}]},{"@type":"WebSite","@id":"https:\/\/www.ultron.pl\/en\/#website","url":"https:\/\/www.ultron.pl\/en\/","name":"ULTRON - Ultrasonic cleaners","description":"Ultron - Ultrasonic cleaners, Spray cleaners, Off the shelf cleaners","publisher":{"@id":"https:\/\/www.ultron.pl\/en\/#organization"},"potentialAction":[{"@type":"SearchAction","target":{"@type":"EntryPoint","urlTemplate":"https:\/\/www.ultron.pl\/en\/?s={search_term_string}"},"query-input":"required name=search_term_string"}],"inLanguage":"en-US"},{"@type":"Organization","@id":"https:\/\/www.ultron.pl\/en\/#organization","name":"ULTRON - Ultrasonic cleaners","url":"https:\/\/www.ultron.pl\/en\/","logo":{"@type":"ImageObject","inLanguage":"en-US","@id":"https:\/\/www.ultron.pl\/en\/#\/schema\/logo\/image\/","url":"","contentUrl":"","caption":"ULTRON - Ultrasonic cleaners"},"image":{"@id":"https:\/\/www.ultron.pl\/en\/#\/schema\/logo\/image\/"}}]}},"_links":{"self":[{"href":"https:\/\/www.ultron.pl\/en\/wp-json\/wp\/v2\/pages\/15840"}],"collection":[{"href":"https:\/\/www.ultron.pl\/en\/wp-json\/wp\/v2\/pages"}],"about":[{"href":"https:\/\/www.ultron.pl\/en\/wp-json\/wp\/v2\/types\/page"}],"author":[{"embeddable":true,"href":"https:\/\/www.ultron.pl\/en\/wp-json\/wp\/v2\/users\/1"}],"replies":[{"embeddable":true,"href":"https:\/\/www.ultron.pl\/en\/wp-json\/wp\/v2\/comments?post=15840"}],"version-history":[{"count":7,"href":"https:\/\/www.ultron.pl\/en\/wp-json\/wp\/v2\/pages\/15840\/revisions"}],"predecessor-version":[{"id":18035,"href":"https:\/\/www.ultron.pl\/en\/wp-json\/wp\/v2\/pages\/15840\/revisions\/18035"}],"wp:attachment":[{"href":"https:\/\/www.ultron.pl\/en\/wp-json\/wp\/v2\/media?parent=15840"}],"curies":[{"name":"wp","href":"https:\/\/api.w.org\/{rel}","templated":true}]}}