{"id":15705,"date":"2023-03-09T15:17:14","date_gmt":"2023-03-09T14:17:14","guid":{"rendered":"https:\/\/www.ultron.pl\/en\/?page_id=15705"},"modified":"2025-08-18T12:16:22","modified_gmt":"2025-08-18T10:16:22","slug":"about-the-company","status":"publish","type":"page","link":"https:\/\/www.ultron.pl\/en\/about-the-company\/","title":{"rendered":"About Ultron"},"content":{"rendered":"<p><strong>About Ultron<\/strong><\/p>\n<p>[vc_row content_placement=&#8221;middle&#8221; css=&#8221;.vc_custom_1678700428625{padding-bottom: 25px !important;}&#8221;][vc_column][vc_column_text]<\/p>\n<p>ULTRON was established in 1989.\u00a0 We are a manufacturer of cleaning equipment using <strong>pressure, ultrasound technologies <\/strong>or <strong>combined processes.<\/strong> With our solutions, you can curate your entire process technology, product development, and technical support, all backed by the expertise of our team, laboratory testing, and comprehensive service.<\/p>\n<p>The cleaning equipment we manufacture is based on <strong>innovative solutions <\/strong>that significantly improve production processes. By choosing to work with us, you receive a complete solution that is <strong>fully tailored to your needs. <\/strong><\/p>\n<p>[\/vc_column_text][\/vc_column][\/vc_row][vc_row content_placement=&#8221;middle&#8221; disable_element=&#8221;yes&#8221; css=&#8221;.vc_custom_1687420877666{padding-bottom: 25px !important;}&#8221;][vc_column][vc_column_text]<\/p>\n<p style=\"text-align: center;\">Nasze rozwi\u0105zania znajduj\u0105 zastosowanie w bran\u017cy automotive, lotniczej, medycznej (urz\u0105dzenia z GMP), budowlanej, kolejowej, AGD, poligrafii, regeneracji, elektronicznej, obr\u00f3bki metali i wielu innych.<\/p>\n<p>[\/vc_column_text][vc_row_inner content_placement=&#8221;middle&#8221; el_class=&#8221;puzzle&#8221;][vc_column_inner el_class=&#8221;puzzel&#8221; width=&#8221;1\/4&#8243;][vc_column_text]<\/p>\n<p><img decoding=\"async\" loading=\"lazy\" class=\"alignnone size-full wp-image-16898\" src=\"https:\/\/www.ultron.pl\/en\/wp-content\/uploads\/2023\/05\/automotive.png\" alt=\"\" width=\"64\" height=\"30\" srcset=\"https:\/\/www.ultron.pl\/en\/wp-content\/uploads\/2023\/05\/automotive.png 64w, https:\/\/www.ultron.pl\/en\/wp-content\/uploads\/2023\/05\/automotive-40x19.png 40w, https:\/\/www.ultron.pl\/en\/wp-content\/uploads\/2023\/05\/automotive-55x26.png 55w\" sizes=\"(max-width: 64px) 100vw, 64px\" \/>\u00a0 Automotive<\/p>\n<p>[\/vc_column_text][\/vc_column_inner][vc_column_inner el_class=&#8221;puzzel&#8221; width=&#8221;1\/4&#8243;][vc_column_text]<\/p>\n<p><img decoding=\"async\" loading=\"lazy\" class=\"alignnone size-full wp-image-16903\" src=\"https:\/\/www.ultron.pl\/en\/wp-content\/uploads\/2023\/05\/metale.png\" alt=\"\" width=\"44\" height=\"44\" srcset=\"https:\/\/www.ultron.pl\/en\/wp-content\/uploads\/2023\/05\/metale.png 44w, https:\/\/www.ultron.pl\/en\/wp-content\/uploads\/2023\/05\/metale-40x40.png 40w\" sizes=\"(max-width: 44px) 100vw, 44px\" \/> Metalworking<\/p>\n<p>[\/vc_column_text][\/vc_column_inner][vc_column_inner el_class=&#8221;puzzel&#8221; width=&#8221;1\/4&#8243;][vc_column_text]<\/p>\n<p><img decoding=\"async\" loading=\"lazy\" class=\"alignnone size-full wp-image-16904\" src=\"https:\/\/www.ultron.pl\/en\/wp-content\/uploads\/2023\/05\/poligrafia.png\" alt=\"\" width=\"49\" height=\"49\" srcset=\"https:\/\/www.ultron.pl\/en\/wp-content\/uploads\/2023\/05\/poligrafia.png 49w, https:\/\/www.ultron.pl\/en\/wp-content\/uploads\/2023\/05\/poligrafia-40x40.png 40w\" sizes=\"(max-width: 49px) 100vw, 49px\" \/>\u00a0 Printing<\/p>\n<p>[\/vc_column_text][\/vc_column_inner][vc_column_inner el_class=&#8221;puzzel&#8221; width=&#8221;1\/4&#8243;][vc_column_text]<\/p>\n<p><img decoding=\"async\" loading=\"lazy\" class=\"alignnone size-full wp-image-16901\" src=\"https:\/\/www.ultron.pl\/en\/wp-content\/uploads\/2023\/05\/elektryczne.png\" alt=\"\" width=\"35\" height=\"54\" srcset=\"https:\/\/www.ultron.pl\/en\/wp-content\/uploads\/2023\/05\/elektryczne.png 35w, https:\/\/www.ultron.pl\/en\/wp-content\/uploads\/2023\/05\/elektryczne-26x40.png 26w\" sizes=\"(max-width: 35px) 100vw, 35px\" \/>\u00a0 Electric<\/p>\n<p>[\/vc_column_text][\/vc_column_inner][\/vc_row_inner][vc_row_inner content_placement=&#8221;middle&#8221; el_class=&#8221;puzzle&#8221;][vc_column_inner el_class=&#8221;puzzel&#8221; width=&#8221;1\/4&#8243;][vc_column_text]<\/p>\n<p><img decoding=\"async\" loading=\"lazy\" class=\"alignnone size-full wp-image-16899\" src=\"https:\/\/www.ultron.pl\/en\/wp-content\/uploads\/2023\/05\/airplane.png\" alt=\"\" width=\"48\" height=\"48\" srcset=\"https:\/\/www.ultron.pl\/en\/wp-content\/uploads\/2023\/05\/airplane.png 48w, https:\/\/www.ultron.pl\/en\/wp-content\/uploads\/2023\/05\/airplane-40x40.png 40w\" sizes=\"(max-width: 48px) 100vw, 48px\" \/> Aerospace<\/p>\n<p>[\/vc_column_text][\/vc_column_inner][vc_column_inner el_class=&#8221;puzzel&#8221; width=&#8221;1\/4&#8243;][vc_column_text]<\/p>\n<p><img decoding=\"async\" loading=\"lazy\" class=\"alignnone size-full wp-image-16906\" src=\"https:\/\/www.ultron.pl\/en\/wp-content\/uploads\/2023\/05\/precyzyjne.png\" alt=\"\" width=\"50\" height=\"50\" srcset=\"https:\/\/www.ultron.pl\/en\/wp-content\/uploads\/2023\/05\/precyzyjne.png 50w, https:\/\/www.ultron.pl\/en\/wp-content\/uploads\/2023\/05\/precyzyjne-40x40.png 40w\" sizes=\"(max-width: 50px) 100vw, 50px\" \/> Precision technology<\/p>\n<p>[\/vc_column_text][\/vc_column_inner][vc_column_inner el_class=&#8221;puzzel&#8221; width=&#8221;1\/4&#8243;][vc_column_text]<\/p>\n<p><img decoding=\"async\" loading=\"lazy\" class=\"alignnone size-full wp-image-16907\" src=\"https:\/\/www.ultron.pl\/en\/wp-content\/uploads\/2023\/05\/mechaniczne.png\" alt=\"\" width=\"48\" height=\"48\" srcset=\"https:\/\/www.ultron.pl\/en\/wp-content\/uploads\/2023\/05\/mechaniczne.png 48w, https:\/\/www.ultron.pl\/en\/wp-content\/uploads\/2023\/05\/mechaniczne-40x40.png 40w\" sizes=\"(max-width: 48px) 100vw, 48px\" \/>\u00a0 Mechanical engineering<\/p>\n<p>[\/vc_column_text][\/vc_column_inner][vc_column_inner el_class=&#8221;puzzel&#8221; width=&#8221;1\/4&#8243;][vc_column_text]<\/p>\n<p><img decoding=\"async\" loading=\"lazy\" class=\"alignnone size-full wp-image-16900\" src=\"https:\/\/www.ultron.pl\/en\/wp-content\/uploads\/2023\/05\/budowlane.png\" alt=\"\" width=\"60\" height=\"57\" srcset=\"https:\/\/www.ultron.pl\/en\/wp-content\/uploads\/2023\/05\/budowlane.png 60w, https:\/\/www.ultron.pl\/en\/wp-content\/uploads\/2023\/05\/budowlane-40x38.png 40w, https:\/\/www.ultron.pl\/en\/wp-content\/uploads\/2023\/05\/budowlane-55x52.png 55w\" sizes=\"(max-width: 60px) 100vw, 60px\" \/> Construction<\/p>\n<p>[\/vc_column_text][\/vc_column_inner][\/vc_row_inner][vc_row_inner content_placement=&#8221;middle&#8221; el_class=&#8221;puzzle&#8221;][vc_column_inner el_class=&#8221;puzzel&#8221; width=&#8221;1\/4&#8243;][vc_column_text]<\/p>\n<p><img decoding=\"async\" loading=\"lazy\" class=\"alignnone size-full wp-image-16908\" src=\"https:\/\/www.ultron.pl\/en\/wp-content\/uploads\/2023\/05\/pociagi.png\" alt=\"\" width=\"36\" height=\"50\" srcset=\"https:\/\/www.ultron.pl\/en\/wp-content\/uploads\/2023\/05\/pociagi.png 36w, https:\/\/www.ultron.pl\/en\/wp-content\/uploads\/2023\/05\/pociagi-29x40.png 29w\" sizes=\"(max-width: 36px) 100vw, 36px\" \/> Railway<\/p>\n<p>[\/vc_column_text][\/vc_column_inner][vc_column_inner el_class=&#8221;puzzel&#8221; width=&#8221;1\/4&#8243;][vc_column_text]<\/p>\n<p><img decoding=\"async\" loading=\"lazy\" class=\"alignnone size-full wp-image-16909\" src=\"https:\/\/www.ultron.pl\/en\/wp-content\/uploads\/2023\/05\/medyczne.png\" alt=\"\" width=\"49\" height=\"49\" srcset=\"https:\/\/www.ultron.pl\/en\/wp-content\/uploads\/2023\/05\/medyczne.png 49w, https:\/\/www.ultron.pl\/en\/wp-content\/uploads\/2023\/05\/medyczne-40x40.png 40w\" sizes=\"(max-width: 49px) 100vw, 49px\" \/>\u00a0 Medicine<\/p>\n<p>[\/vc_column_text][\/vc_column_inner][vc_column_inner el_class=&#8221;puzzel&#8221; width=&#8221;1\/4&#8243;][vc_column_text]<\/p>\n<p><img decoding=\"async\" loading=\"lazy\" class=\"alignnone size-full wp-image-16910\" src=\"https:\/\/www.ultron.pl\/en\/wp-content\/uploads\/2023\/05\/agd.png\" alt=\"\" width=\"35\" height=\"46\" srcset=\"https:\/\/www.ultron.pl\/en\/wp-content\/uploads\/2023\/05\/agd.png 35w, https:\/\/www.ultron.pl\/en\/wp-content\/uploads\/2023\/05\/agd-30x40.png 30w\" sizes=\"(max-width: 35px) 100vw, 35px\" \/>\u00a0 Home appliances<\/p>\n<p>[\/vc_column_text][\/vc_column_inner][vc_column_inner el_class=&#8221;puzzel2&#8243; width=&#8221;1\/4&#8243;][\/vc_column_inner][\/vc_row_inner][\/vc_column][\/vc_row][vc_row content_placement=&#8221;middle&#8221; css=&#8221;.vc_custom_1678702078050{padding-bottom: 25px !important;}&#8221;][vc_column][vc_column_text]<\/p>\n<p style=\"text-align: center;\"><strong>We are hosted by Mach-Tool, Surfex, TTM in Pozna\u0144, and Toolex in Sosnowiec every year.<\/strong><\/p>\n<p>&nbsp;<\/p>\n<p>&nbsp;<\/p>\n<p>[\/vc_column_text][vc_row_inner][vc_column_inner width=&#8221;1\/3&#8243;][vc_single_image image=&#8221;16924&#8243; img_size=&#8221;full&#8221; alignment=&#8221;right&#8221;][\/vc_column_inner][vc_column_inner width=&#8221;1\/3&#8243;][vc_single_image image=&#8221;16923&#8243; img_size=&#8221;full&#8221; alignment=&#8221;center&#8221;][\/vc_column_inner][vc_column_inner width=&#8221;1\/3&#8243;][vc_single_image image=&#8221;16922&#8243; img_size=&#8221;full&#8221;][\/vc_column_inner][\/vc_row_inner][\/vc_column][\/vc_row][vc_row content_placement=&#8221;middle&#8221; css=&#8221;.vc_custom_1678702102024{padding-bottom: 25px !important;}&#8221;][vc_column][vc_column_text]<\/p>\n<p>&nbsp;<\/p>\n<p style=\"text-align: center;\"><strong>We operate two production sites where we manufacture our cleaning equipment.<\/strong><\/p>\n<p>[\/vc_column_text][vc_row_inner][vc_column_inner width=&#8221;1\/2&#8243;][vc_single_image image=&#8221;16092&#8243; img_size=&#8221;full&#8221; alignment=&#8221;right&#8221; css_animation=&#8221;left-to-right&#8221;][\/vc_column_inner][vc_column_inner width=&#8221;1\/2&#8243;][vc_single_image image=&#8221;16726&#8243; img_size=&#8221;full&#8221; css_animation=&#8221;right-to-left&#8221;][\/vc_column_inner][\/vc_row_inner][\/vc_column][\/vc_row][vc_row content_placement=&#8221;middle&#8221; css=&#8221;.vc_custom_1678702102024{padding-bottom: 25px !important;}&#8221;][vc_column][vc_column_text]<\/p>\n<h4 style=\"text-align: center;\">O<strong>ur machine park encompasses modern machinery.<\/strong><\/h4>\n<p>[\/vc_column_text][vc_row_inner][vc_column_inner width=&#8221;1\/12&#8243;][\/vc_column_inner][vc_column_inner width=&#8221;10\/12&#8243;][tm_carousel_father slide_visible=&#8221;3&#8243; tabs=&#8221;2&#8243; arrowclr=&#8221;#000000&#8243; arrowposition=&#8221;-40&#8243; dotclr=&#8221;#000000&#8243; dotposition=&#8221;25&#8243;][tm_carousel_son image_id=&#8221;17598&#8243; img_width=&#8221;400px&#8221; img_height=&#8221;400px&#8221;]<\/p>\n<p style=\"text-align: center;\">write any text and make custom design that you want to show.<\/p>\n<p>&nbsp;<\/p>\n<p>[\/tm_carousel_son][tm_carousel_son image_id=&#8221;17594&#8243; img_width=&#8221;400px&#8221; img_height=&#8221;400px&#8221;]<\/p>\n<p style=\"text-align: center;\">write any text and make custom design that you want to show.<\/p>\n<p>&nbsp;<\/p>\n<p>[\/tm_carousel_son][tm_carousel_son image_id=&#8221;17597&#8243; img_width=&#8221;400px&#8221; img_height=&#8221;400px&#8221;]<\/p>\n<p style=\"text-align: center;\">write any text and make custom design that you want to show.<\/p>\n<p>&nbsp;<\/p>\n<p>[\/tm_carousel_son][tm_carousel_son image_id=&#8221;17592&#8243; img_width=&#8221;400px&#8221; img_height=&#8221;400px&#8221;]<\/p>\n<p style=\"text-align: center;\">write any text and make custom design that you want to show.<\/p>\n<p>&nbsp;<\/p>\n<p>[\/tm_carousel_son][tm_carousel_son image_id=&#8221;17591&#8243; img_width=&#8221;400px&#8221; img_height=&#8221;400px&#8221;]<\/p>\n<p style=\"text-align: center;\">write any text and make custom design that you want to show.<\/p>\n<p>&nbsp;<\/p>\n<p>[\/tm_carousel_son][tm_carousel_son image_id=&#8221;17590&#8243; img_width=&#8221;400px&#8221; img_height=&#8221;400px&#8221;]<\/p>\n<p style=\"text-align: center;\">write any text and make custom design that you want to show.<\/p>\n<p>&nbsp;<\/p>\n<p>[\/tm_carousel_son][tm_carousel_son image_id=&#8221;17583&#8243; img_width=&#8221;400px&#8221; img_height=&#8221;400px&#8221;]<\/p>\n<p style=\"text-align: center;\">write any text and make custom design that you want to show.<\/p>\n<p>&nbsp;<\/p>\n<p>[\/tm_carousel_son][tm_carousel_son image_id=&#8221;17584&#8243; img_width=&#8221;400px&#8221; img_height=&#8221;400px&#8221;]<\/p>\n<p style=\"text-align: center;\">write any text and make custom design that you want to show.<\/p>\n<p>&nbsp;<\/p>\n<p>[\/tm_carousel_son][tm_carousel_son image_id=&#8221;17585&#8243; img_width=&#8221;400px&#8221; img_height=&#8221;400px&#8221;]<\/p>\n<p style=\"text-align: center;\">write any text and make custom design that you want to show.<\/p>\n<p>&nbsp;<\/p>\n<p>[\/tm_carousel_son][tm_carousel_son image_id=&#8221;17586&#8243; img_width=&#8221;400px&#8221; img_height=&#8221;400px&#8221;]<\/p>\n<p style=\"text-align: center;\">write any text and make custom design that you want to show.<\/p>\n<p>&nbsp;<\/p>\n<p>[\/tm_carousel_son][tm_carousel_son image_id=&#8221;17587&#8243; img_width=&#8221;400px&#8221; img_height=&#8221;400px&#8221;]<\/p>\n<p style=\"text-align: center;\">write any text and make custom design that you want to show.<\/p>\n<p>&nbsp;<\/p>\n<p>[\/tm_carousel_son][tm_carousel_son image_id=&#8221;16108&#8243; img_width=&#8221;400px&#8221; img_height=&#8221;400px&#8221;]<\/p>\n<p style=\"text-align: center;\">write any text and make custom design that you want to show.<\/p>\n<p>&nbsp;<\/p>\n<p>[\/tm_carousel_son][tm_carousel_son image_id=&#8221;17588&#8243; img_width=&#8221;400px&#8221; img_height=&#8221;400px&#8221;]<\/p>\n<p style=\"text-align: center;\">write any text and make custom design that you want to show.<\/p>\n<p>&nbsp;<\/p>\n<p>[\/tm_carousel_son][\/tm_carousel_father][\/vc_column_inner][vc_column_inner width=&#8221;1\/12&#8243;][\/vc_column_inner][\/vc_row_inner][\/vc_column][\/vc_row][vc_row content_placement=&#8221;middle&#8221; css=&#8221;.vc_custom_1678702102024{padding-bottom: 25px !important;}&#8221;][vc_column][vc_column_text]<\/p>\n<h3 style=\"text-align: center;\">\u00a0<\/h3>\n<p>&nbsp;<\/p>\n<p style=\"text-align: center;\"><strong>We were featured on the &#8220;POLAK-POTRAFI&#8221; <em>[Poles Can Do This Too] <\/em>television show on TVN TURBO.<\/strong><\/p>\n<p>&nbsp;<\/p>\n<p>&nbsp;<\/p>\n<p>[\/vc_column_text][vc_row_inner][vc_column_inner][vc_video link=&#8221;https:\/\/www.youtube.com\/watch?v=rGqkItGe25E&amp;embeds_euri=https%3A%2F%2Fwww.ultron.pl%2Fen%2F&amp;feature=emb_logo&#8221; el_width=&#8221;70&#8243; align=&#8221;center&#8221;][\/vc_column_inner][\/vc_row_inner][\/vc_column][\/vc_row]<\/p>\n","protected":false},"excerpt":{"rendered":"<p>About Ultron [vc_row content_placement=&#8221;middle&#8221; css=&#8221;.vc_custom_1678700428625{padding-bottom: 25px !important;}&#8221;][vc_column][vc_column_text] ULTRON was established in 1989.\u00a0 We are a manufacturer of cleaning equipment using pressure, ultrasound technologies or combined processes. With our solutions, you [&#8230;]<\/p>\n","protected":false},"author":1,"featured_media":0,"parent":0,"menu_order":0,"comment_status":"closed","ping_status":"closed","template":"","meta":{"footnotes":""},"yoast_head":"<!-- This site is optimized with the Yoast SEO plugin v21.0 - https:\/\/yoast.com\/wordpress\/plugins\/seo\/ -->\n<title>About Ultron - ULTRON - Ultrasonic cleaners<\/title>\n<meta name=\"robots\" content=\"index, follow, max-snippet:-1, max-image-preview:large, max-video-preview:-1\" \/>\n<link rel=\"canonical\" href=\"https:\/\/www.ultron.pl\/en\/about-the-company\/\" \/>\n<meta property=\"og:locale\" content=\"en_US\" \/>\n<meta property=\"og:type\" content=\"article\" \/>\n<meta property=\"og:title\" content=\"About Ultron - ULTRON - Ultrasonic cleaners\" \/>\n<meta property=\"og:description\" content=\"About Ultron [vc_row content_placement=&#8221;middle&#8221; css=&#8221;.vc_custom_1678700428625{padding-bottom: 25px !important;}&#8221;][vc_column][vc_column_text] ULTRON was established in 1989.\u00a0 We are a manufacturer of cleaning equipment using pressure, ultrasound technologies or combined processes. With our solutions, you [...]\" \/>\n<meta property=\"og:url\" content=\"https:\/\/www.ultron.pl\/en\/about-the-company\/\" \/>\n<meta property=\"og:site_name\" content=\"ULTRON - Ultrasonic cleaners\" \/>\n<meta property=\"article:modified_time\" content=\"2025-08-18T10:16:22+00:00\" \/>\n<meta property=\"og:image\" content=\"https:\/\/www.ultron.pl\/en\/wp-content\/uploads\/2023\/05\/automotive.png\" \/>\n<meta name=\"twitter:card\" content=\"summary_large_image\" \/>\n<meta name=\"twitter:label1\" content=\"Est. reading time\" \/>\n\t<meta name=\"twitter:data1\" content=\"5 minutes\" \/>\n<script type=\"application\/ld+json\" class=\"yoast-schema-graph\">{\"@context\":\"https:\/\/schema.org\",\"@graph\":[{\"@type\":\"WebPage\",\"@id\":\"https:\/\/www.ultron.pl\/en\/about-the-company\/\",\"url\":\"https:\/\/www.ultron.pl\/en\/about-the-company\/\",\"name\":\"About Ultron - ULTRON - Ultrasonic cleaners\",\"isPartOf\":{\"@id\":\"https:\/\/www.ultron.pl\/en\/#website\"},\"datePublished\":\"2023-03-09T14:17:14+00:00\",\"dateModified\":\"2025-08-18T10:16:22+00:00\",\"breadcrumb\":{\"@id\":\"https:\/\/www.ultron.pl\/en\/about-the-company\/#breadcrumb\"},\"inLanguage\":\"en-US\",\"potentialAction\":[{\"@type\":\"ReadAction\",\"target\":[\"https:\/\/www.ultron.pl\/en\/about-the-company\/\"]}]},{\"@type\":\"BreadcrumbList\",\"@id\":\"https:\/\/www.ultron.pl\/en\/about-the-company\/#breadcrumb\",\"itemListElement\":[{\"@type\":\"ListItem\",\"position\":1,\"name\":\"Main page\",\"item\":\"https:\/\/www.ultron.pl\/en\/\"},{\"@type\":\"ListItem\",\"position\":2,\"name\":\"About Ultron\"}]},{\"@type\":\"WebSite\",\"@id\":\"https:\/\/www.ultron.pl\/en\/#website\",\"url\":\"https:\/\/www.ultron.pl\/en\/\",\"name\":\"ULTRON - Ultrasonic cleaners\",\"description\":\"Ultron - Ultrasonic cleaners, Spray cleaners, Off the shelf cleaners\",\"publisher\":{\"@id\":\"https:\/\/www.ultron.pl\/en\/#organization\"},\"potentialAction\":[{\"@type\":\"SearchAction\",\"target\":{\"@type\":\"EntryPoint\",\"urlTemplate\":\"https:\/\/www.ultron.pl\/en\/?s={search_term_string}\"},\"query-input\":\"required name=search_term_string\"}],\"inLanguage\":\"en-US\"},{\"@type\":\"Organization\",\"@id\":\"https:\/\/www.ultron.pl\/en\/#organization\",\"name\":\"ULTRON - Ultrasonic cleaners\",\"url\":\"https:\/\/www.ultron.pl\/en\/\",\"logo\":{\"@type\":\"ImageObject\",\"inLanguage\":\"en-US\",\"@id\":\"https:\/\/www.ultron.pl\/en\/#\/schema\/logo\/image\/\",\"url\":\"\",\"contentUrl\":\"\",\"caption\":\"ULTRON - Ultrasonic cleaners\"},\"image\":{\"@id\":\"https:\/\/www.ultron.pl\/en\/#\/schema\/logo\/image\/\"}}]}<\/script>\n<!-- \/ Yoast SEO plugin. -->","yoast_head_json":{"title":"About Ultron - ULTRON - Ultrasonic cleaners","robots":{"index":"index","follow":"follow","max-snippet":"max-snippet:-1","max-image-preview":"max-image-preview:large","max-video-preview":"max-video-preview:-1"},"canonical":"https:\/\/www.ultron.pl\/en\/about-the-company\/","og_locale":"en_US","og_type":"article","og_title":"About Ultron - ULTRON - Ultrasonic cleaners","og_description":"About Ultron [vc_row content_placement=&#8221;middle&#8221; css=&#8221;.vc_custom_1678700428625{padding-bottom: 25px !important;}&#8221;][vc_column][vc_column_text] ULTRON was established in 1989.\u00a0 We are a manufacturer of cleaning equipment using pressure, ultrasound technologies or combined processes. With our solutions, you [...]","og_url":"https:\/\/www.ultron.pl\/en\/about-the-company\/","og_site_name":"ULTRON - Ultrasonic cleaners","article_modified_time":"2025-08-18T10:16:22+00:00","og_image":[{"url":"https:\/\/www.ultron.pl\/en\/wp-content\/uploads\/2023\/05\/automotive.png"}],"twitter_card":"summary_large_image","twitter_misc":{"Est. reading time":"5 minutes"},"schema":{"@context":"https:\/\/schema.org","@graph":[{"@type":"WebPage","@id":"https:\/\/www.ultron.pl\/en\/about-the-company\/","url":"https:\/\/www.ultron.pl\/en\/about-the-company\/","name":"About Ultron - ULTRON - Ultrasonic cleaners","isPartOf":{"@id":"https:\/\/www.ultron.pl\/en\/#website"},"datePublished":"2023-03-09T14:17:14+00:00","dateModified":"2025-08-18T10:16:22+00:00","breadcrumb":{"@id":"https:\/\/www.ultron.pl\/en\/about-the-company\/#breadcrumb"},"inLanguage":"en-US","potentialAction":[{"@type":"ReadAction","target":["https:\/\/www.ultron.pl\/en\/about-the-company\/"]}]},{"@type":"BreadcrumbList","@id":"https:\/\/www.ultron.pl\/en\/about-the-company\/#breadcrumb","itemListElement":[{"@type":"ListItem","position":1,"name":"Main page","item":"https:\/\/www.ultron.pl\/en\/"},{"@type":"ListItem","position":2,"name":"About Ultron"}]},{"@type":"WebSite","@id":"https:\/\/www.ultron.pl\/en\/#website","url":"https:\/\/www.ultron.pl\/en\/","name":"ULTRON - Ultrasonic cleaners","description":"Ultron - Ultrasonic cleaners, Spray cleaners, Off the shelf cleaners","publisher":{"@id":"https:\/\/www.ultron.pl\/en\/#organization"},"potentialAction":[{"@type":"SearchAction","target":{"@type":"EntryPoint","urlTemplate":"https:\/\/www.ultron.pl\/en\/?s={search_term_string}"},"query-input":"required name=search_term_string"}],"inLanguage":"en-US"},{"@type":"Organization","@id":"https:\/\/www.ultron.pl\/en\/#organization","name":"ULTRON - Ultrasonic cleaners","url":"https:\/\/www.ultron.pl\/en\/","logo":{"@type":"ImageObject","inLanguage":"en-US","@id":"https:\/\/www.ultron.pl\/en\/#\/schema\/logo\/image\/","url":"","contentUrl":"","caption":"ULTRON - Ultrasonic cleaners"},"image":{"@id":"https:\/\/www.ultron.pl\/en\/#\/schema\/logo\/image\/"}}]}},"_links":{"self":[{"href":"https:\/\/www.ultron.pl\/en\/wp-json\/wp\/v2\/pages\/15705"}],"collection":[{"href":"https:\/\/www.ultron.pl\/en\/wp-json\/wp\/v2\/pages"}],"about":[{"href":"https:\/\/www.ultron.pl\/en\/wp-json\/wp\/v2\/types\/page"}],"author":[{"embeddable":true,"href":"https:\/\/www.ultron.pl\/en\/wp-json\/wp\/v2\/users\/1"}],"replies":[{"embeddable":true,"href":"https:\/\/www.ultron.pl\/en\/wp-json\/wp\/v2\/comments?post=15705"}],"version-history":[{"count":13,"href":"https:\/\/www.ultron.pl\/en\/wp-json\/wp\/v2\/pages\/15705\/revisions"}],"predecessor-version":[{"id":18020,"href":"https:\/\/www.ultron.pl\/en\/wp-json\/wp\/v2\/pages\/15705\/revisions\/18020"}],"wp:attachment":[{"href":"https:\/\/www.ultron.pl\/en\/wp-json\/wp\/v2\/media?parent=15705"}],"curies":[{"name":"wp","href":"https:\/\/api.w.org\/{rel}","templated":true}]}}